{"id":706,"date":"2021-01-07T13:26:29","date_gmt":"2021-01-07T12:26:29","guid":{"rendered":"https:\/\/www.notabene.corsica\/?page_id=706"},"modified":"2022-03-09T19:34:36","modified_gmt":"2022-03-09T18:34:36","slug":"temoignages","status":"publish","type":"page","link":"https:\/\/www.notabene.corsica\/co\/temoignages\/","title":{"rendered":"Testimonii"},"content":{"rendered":"<div data-elementor-type=\"wp-page\" data-elementor-id=\"706\" class=\"elementor elementor-706\" data-elementor-post-type=\"page\">\n\t\t\t\t\t\t<section class=\"elementor-section elementor-top-section elementor-element elementor-element-2ebd392 elementor-section-boxed elementor-section-height-default elementor-section-height-default\" data-id=\"2ebd392\" data-element_type=\"section\">\n\t\t\t\t\t\t<div class=\"elementor-container elementor-column-gap-default\">\n\t\t\t\t\t<div class=\"elementor-column elementor-col-100 elementor-top-column elementor-element elementor-element-6922bd5\" data-id=\"6922bd5\" data-element_type=\"column\">\n\t\t\t<div class=\"elementor-widget-wrap elementor-element-populated\">\n\t\t\t\t\t\t<div class=\"elementor-element elementor-element-b3a73b1 elementor-testimonial--skin-bubble elementor-testimonial--layout-image_above elementor-testimonial--align-center elementor-arrows-yes elementor-pagination-type-bullets elementor-widget elementor-widget-testimonial-carousel\" data-id=\"b3a73b1\" data-element_type=\"widget\" data-settings=\"{&quot;slides_per_view&quot;:&quot;2&quot;,&quot;show_arrows&quot;:&quot;yes&quot;,&quot;pagination&quot;:&quot;bullets&quot;,&quot;speed&quot;:500,&quot;autoplay&quot;:&quot;yes&quot;,&quot;autoplay_speed&quot;:5000,&quot;loop&quot;:&quot;yes&quot;,&quot;pause_on_hover&quot;:&quot;yes&quot;,&quot;pause_on_interaction&quot;:&quot;yes&quot;,&quot;space_between&quot;:{&quot;unit&quot;:&quot;px&quot;,&quot;size&quot;:10,&quot;sizes&quot;:[]},&quot;space_between_tablet&quot;:{&quot;unit&quot;:&quot;px&quot;,&quot;size&quot;:10,&quot;sizes&quot;:[]},&quot;space_between_mobile&quot;:{&quot;unit&quot;:&quot;px&quot;,&quot;size&quot;:10,&quot;sizes&quot;:[]}}\" data-widget_type=\"testimonial-carousel.default\">\n\t\t\t\t<div class=\"elementor-widget-container\">\n\t\t\t\t\t\t\t<div class=\"elementor-swiper\">\n\t\t\t<div class=\"elementor-main-swiper swiper-container\">\n\t\t\t\t<div class=\"swiper-wrapper\">\n\t\t\t\t\t\t\t\t\t\t\t<div class=\"swiper-slide\">\n\t\t\t\t\t\t\t\t\t<div class=\"elementor-testimonial\">\n\t\t\t\t\t\t\t<div class=\"elementor-testimonial__content\">\n\t\t\t\t\t<div class=\"elementor-testimonial__text\">\n\t\t\t\t\t\tMerci !!!! D\u00e9j\u00e0 1 an et plus de 1000 mails\u2026 \n\nEn cette journ\u00e9e c\u00e9l\u00e9brant notre premi\u00e8re ann\u00e9e de collaboration et en esp\u00e9rant qu\u2019elle se poursuive, nous sommes heureux que notre spirom\u00e9trie nous permettre encore de souffler notre premi\u00e8re bougie.\nJoyeux anniversaire de nous tous !\t\t\t\t\t<\/div>\n\t\t\t\t\t\t\t\t\t<\/div>\n\t\t\t\t\t\t<div class=\"elementor-testimonial__footer\">\n\t\t\t\t\t\t\t\t\t<div class=\"elementor-testimonial__image\">\n\t\t\t\t\t\t<img decoding=\"async\" src=\"https:\/\/www.notabene.corsica\/wp-content\/uploads\/2021\/03\/stethoscope.jpg\" alt=\"Dr L. P****\">\n\t\t\t\t\t\t\t\t\t\t\t<\/div>\n\t\t\t\t\t\t\t\t<cite class=\"elementor-testimonial__cite\"><span class=\"elementor-testimonial__name\">Dr L. P****<\/span><span class=\"elementor-testimonial__title\">08\/02\/2016<\/span><\/cite>\t\t\t<\/div>\n\t\t<\/div>\n\t\t\t\t\t\t\t\t<\/div>\n\t\t\t\t\t\t\t\t\t\t\t<div class=\"swiper-slide\">\n\t\t\t\t\t\t\t\t\t<div class=\"elementor-testimonial\">\n\t\t\t\t\t\t\t<div class=\"elementor-testimonial__content\">\n\t\t\t\t\t<div class=\"elementor-testimonial__text\">\n\t\t\t\t\t\tLa soci\u00e9t\u00e9 Nota Bene g\u00e8re la prise de rendez-vous m\u00e9dicaux, via la plateforme Maiia.\t\t\t\t\t<\/div>\n\t\t\t\t\t\t\t\t\t<\/div>\n\t\t\t\t\t\t<div class=\"elementor-testimonial__footer\">\n\t\t\t\t\t\t\t\t\t<div class=\"elementor-testimonial__image\">\n\t\t\t\t\t\t<img decoding=\"async\" src=\"https:\/\/www.notabene.corsica\/wp-content\/uploads\/2021\/02\/Domus-meica-casa-medicale-nota-bene-permanence.jpg\" alt=\"Maison M\u00e9dicale de Calenzana\">\n\t\t\t\t\t\t\t\t\t\t\t<\/div>\n\t\t\t\t\t\t\t\t<cite class=\"elementor-testimonial__cite\"><span class=\"elementor-testimonial__name\">Maison M\u00e9dicale de Calenzana<\/span><\/cite>\t\t\t<\/div>\n\t\t<\/div>\n\t\t\t\t\t\t\t\t<\/div>\n\t\t\t\t\t\t\t\t\t<\/div>\n\t\t\t\t\t\t\t\t\t\t\t\t\t\t\t<div class=\"swiper-pagination\"><\/div>\n\t\t\t\t\t\t\t\t\t\t\t\t\t\t\t\t<div class=\"elementor-swiper-button elementor-swiper-button-prev\" role=\"button\" tabindex=\"0\">\n\t\t\t\t\t\t\t<i aria-hidden=\"true\" class=\"eicon-chevron-left\"><\/i>\t\t\t\t\t\t\t<span class=\"elementor-screen-only\">Previous<\/span>\n\t\t\t\t\t\t<\/div>\n\t\t\t\t\t\t<div class=\"elementor-swiper-button elementor-swiper-button-next\" role=\"button\" tabindex=\"0\">\n\t\t\t\t\t\t\t<i aria-hidden=\"true\" class=\"eicon-chevron-right\"><\/i>\t\t\t\t\t\t\t<span class=\"elementor-screen-only\">Next<\/span>\n\t\t\t\t\t\t<\/div>\n\t\t\t\t\t\t\t\t\t\t\t\t<\/div>\n\t\t<\/div>\n\t\t\t\t\t\t<\/div>\n\t\t\t\t<\/div>\n\t\t\t\t<div class=\"elementor-element elementor-element-7fdbaff elementor-widget elementor-widget-spacer\" data-id=\"7fdbaff\" data-element_type=\"widget\" data-widget_type=\"spacer.default\">\n\t\t\t\t<div class=\"elementor-widget-container\">\n\t\t\t\t\t\t\t<div class=\"elementor-spacer\">\n\t\t\t<div class=\"elementor-spacer-inner\"><\/div>\n\t\t<\/div>\n\t\t\t\t\t\t<\/div>\n\t\t\t\t<\/div>\n\t\t\t\t\t<\/div>\n\t\t<\/div>\n\t\t\t\t\t<\/div>\n\t\t<\/section>\n\t\t\t\t<\/div>","protected":false},"excerpt":{"rendered":"<p>Merci !!!! D\u00e9j\u00e0 1 an et plus de 1000 mails\u2026 En cette journ\u00e9e c\u00e9l\u00e9brant notre premi\u00e8re ann\u00e9e de collaboration et en esp\u00e9rant qu\u2019elle se poursuive, nous sommes heureux que notre spirom\u00e9trie nous permettre encore de souffler notre premi\u00e8re bougie. Joyeux anniversaire de nous tous ! Dr L. P****08\/02\/2016 La soci\u00e9t\u00e9 Nota Bene g\u00e8re la prise&hellip; <a class=\"more-link\" href=\"https:\/\/www.notabene.corsica\/co\/temoignages\/\">Continue reading <span class=\"screen-reader-text\">Testimonii<\/span><\/a><\/p>","protected":false},"author":1,"featured_media":0,"parent":0,"menu_order":0,"comment_status":"closed","ping_status":"closed","template":"","meta":{"footnotes":""},"class_list":["post-706","page","type-page","status-publish","hentry","entry"],"yoast_head":"<!-- This site is optimized with the Yoast SEO plugin v27.4 - https:\/\/yoast.com\/product\/yoast-seo-wordpress\/ -->\n<title>T\u00e9moignages - Nota Bene<\/title>\n<meta name=\"robots\" content=\"index, follow, max-snippet:-1, max-image-preview:large, max-video-preview:-1\" \/>\n<link rel=\"canonical\" href=\"https:\/\/www.notabene.corsica\/co\/temoignages\/\" \/>\n<meta property=\"og:locale\" content=\"en_US\" \/>\n<meta property=\"og:type\" content=\"article\" \/>\n<meta property=\"og:title\" content=\"T\u00e9moignages - Nota Bene\" \/>\n<meta property=\"og:description\" content=\"Merci !!!! D\u00e9j\u00e0 1 an et plus de 1000 mails\u2026 En cette journ\u00e9e c\u00e9l\u00e9brant notre premi\u00e8re ann\u00e9e de collaboration et en esp\u00e9rant qu\u2019elle se poursuive, nous sommes heureux que notre spirom\u00e9trie nous permettre encore de souffler notre premi\u00e8re bougie. Joyeux anniversaire de nous tous ! Dr L. P****08\/02\/2016 La soci\u00e9t\u00e9 Nota Bene g\u00e8re la prise&hellip; Continue reading T\u00e9moignages\" \/>\n<meta property=\"og:url\" content=\"https:\/\/www.notabene.corsica\/co\/temoignages\/\" \/>\n<meta property=\"og:site_name\" content=\"Nota Bene\" \/>\n<meta property=\"article:publisher\" content=\"https:\/\/www.facebook.com\/NotabeneSAS\/\" \/>\n<meta property=\"article:modified_time\" content=\"2022-03-09T18:34:36+00:00\" \/>\n<meta property=\"og:image\" content=\"https:\/\/www.notabene.corsica\/wp-content\/uploads\/2021\/03\/stethoscope.jpg\" \/>\n<meta name=\"twitter:card\" content=\"summary_large_image\" \/>\n<meta name=\"twitter:label1\" content=\"Est. reading time\" \/>\n\t<meta name=\"twitter:data1\" content=\"3 minutes\" \/>\n<script type=\"application\/ld+json\" class=\"yoast-schema-graph\">{\"@context\":\"https:\\\/\\\/schema.org\",\"@graph\":[{\"@type\":\"WebPage\",\"@id\":\"https:\\\/\\\/www.notabene.corsica\\\/temoignages\\\/\",\"url\":\"https:\\\/\\\/www.notabene.corsica\\\/temoignages\\\/\",\"name\":\"T\u00e9moignages - Nota Bene\",\"isPartOf\":{\"@id\":\"https:\\\/\\\/www.notabene.corsica\\\/#website\"},\"primaryImageOfPage\":{\"@id\":\"https:\\\/\\\/www.notabene.corsica\\\/temoignages\\\/#primaryimage\"},\"image\":{\"@id\":\"https:\\\/\\\/www.notabene.corsica\\\/temoignages\\\/#primaryimage\"},\"thumbnailUrl\":\"https:\\\/\\\/www.notabene.corsica\\\/wp-content\\\/uploads\\\/2021\\\/03\\\/stethoscope.jpg\",\"datePublished\":\"2021-01-07T12:26:29+00:00\",\"dateModified\":\"2022-03-09T18:34:36+00:00\",\"breadcrumb\":{\"@id\":\"https:\\\/\\\/www.notabene.corsica\\\/temoignages\\\/#breadcrumb\"},\"inLanguage\":\"co-CO\",\"potentialAction\":[{\"@type\":\"ReadAction\",\"target\":[\"https:\\\/\\\/www.notabene.corsica\\\/temoignages\\\/\"]}]},{\"@type\":\"ImageObject\",\"inLanguage\":\"co-CO\",\"@id\":\"https:\\\/\\\/www.notabene.corsica\\\/temoignages\\\/#primaryimage\",\"url\":\"https:\\\/\\\/www.notabene.corsica\\\/wp-content\\\/uploads\\\/2021\\\/03\\\/stethoscope.jpg\",\"contentUrl\":\"https:\\\/\\\/www.notabene.corsica\\\/wp-content\\\/uploads\\\/2021\\\/03\\\/stethoscope.jpg\"},{\"@type\":\"BreadcrumbList\",\"@id\":\"https:\\\/\\\/www.notabene.corsica\\\/temoignages\\\/#breadcrumb\",\"itemListElement\":[{\"@type\":\"ListItem\",\"position\":1,\"name\":\"Accueil\",\"item\":\"https:\\\/\\\/www.notabene.corsica\\\/\"},{\"@type\":\"ListItem\",\"position\":2,\"name\":\"T\u00e9moignages\"}]},{\"@type\":\"WebSite\",\"@id\":\"https:\\\/\\\/www.notabene.corsica\\\/#website\",\"url\":\"https:\\\/\\\/www.notabene.corsica\\\/\",\"name\":\"Nota Bene\",\"description\":\"Votre secre\u0301tariat professionnel en toute simplicite\u0301\",\"publisher\":{\"@id\":\"https:\\\/\\\/www.notabene.corsica\\\/#organization\"},\"potentialAction\":[{\"@type\":\"SearchAction\",\"target\":{\"@type\":\"EntryPoint\",\"urlTemplate\":\"https:\\\/\\\/www.notabene.corsica\\\/?s={search_term_string}\"},\"query-input\":{\"@type\":\"PropertyValueSpecification\",\"valueRequired\":true,\"valueName\":\"search_term_string\"}}],\"inLanguage\":\"co-CO\"},{\"@type\":\"Organization\",\"@id\":\"https:\\\/\\\/www.notabene.corsica\\\/#organization\",\"name\":\"Nota Bene\",\"url\":\"https:\\\/\\\/www.notabene.corsica\\\/\",\"logo\":{\"@type\":\"ImageObject\",\"inLanguage\":\"co-CO\",\"@id\":\"https:\\\/\\\/www.notabene.corsica\\\/#\\\/schema\\\/logo\\\/image\\\/\",\"url\":\"https:\\\/\\\/www.notabene.corsica\\\/wp-content\\\/uploads\\\/2020\\\/12\\\/cropped-nota-bene-white.jpg\",\"contentUrl\":\"https:\\\/\\\/www.notabene.corsica\\\/wp-content\\\/uploads\\\/2020\\\/12\\\/cropped-nota-bene-white.jpg\",\"width\":512,\"height\":512,\"caption\":\"Nota Bene\"},\"image\":{\"@id\":\"https:\\\/\\\/www.notabene.corsica\\\/#\\\/schema\\\/logo\\\/image\\\/\"},\"sameAs\":[\"https:\\\/\\\/www.facebook.com\\\/NotabeneSAS\\\/\"]}]}<\/script>\n<!-- \/ Yoast SEO plugin. -->","yoast_head_json":{"title":"T\u00e9moignages - Nota Bene","robots":{"index":"index","follow":"follow","max-snippet":"max-snippet:-1","max-image-preview":"max-image-preview:large","max-video-preview":"max-video-preview:-1"},"canonical":"https:\/\/www.notabene.corsica\/co\/temoignages\/","og_locale":"en_US","og_type":"article","og_title":"T\u00e9moignages - Nota Bene","og_description":"Merci !!!! D\u00e9j\u00e0 1 an et plus de 1000 mails\u2026 En cette journ\u00e9e c\u00e9l\u00e9brant notre premi\u00e8re ann\u00e9e de collaboration et en esp\u00e9rant qu\u2019elle se poursuive, nous sommes heureux que notre spirom\u00e9trie nous permettre encore de souffler notre premi\u00e8re bougie. Joyeux anniversaire de nous tous ! Dr L. P****08\/02\/2016 La soci\u00e9t\u00e9 Nota Bene g\u00e8re la prise&hellip; Continue reading T\u00e9moignages","og_url":"https:\/\/www.notabene.corsica\/co\/temoignages\/","og_site_name":"Nota Bene","article_publisher":"https:\/\/www.facebook.com\/NotabeneSAS\/","article_modified_time":"2022-03-09T18:34:36+00:00","og_image":[{"url":"https:\/\/www.notabene.corsica\/wp-content\/uploads\/2021\/03\/stethoscope.jpg","type":"","width":"","height":""}],"twitter_card":"summary_large_image","twitter_misc":{"Est. reading time":"3 minutes"},"schema":{"@context":"https:\/\/schema.org","@graph":[{"@type":"WebPage","@id":"https:\/\/www.notabene.corsica\/temoignages\/","url":"https:\/\/www.notabene.corsica\/temoignages\/","name":"T\u00e9moignages - Nota Bene","isPartOf":{"@id":"https:\/\/www.notabene.corsica\/#website"},"primaryImageOfPage":{"@id":"https:\/\/www.notabene.corsica\/temoignages\/#primaryimage"},"image":{"@id":"https:\/\/www.notabene.corsica\/temoignages\/#primaryimage"},"thumbnailUrl":"https:\/\/www.notabene.corsica\/wp-content\/uploads\/2021\/03\/stethoscope.jpg","datePublished":"2021-01-07T12:26:29+00:00","dateModified":"2022-03-09T18:34:36+00:00","breadcrumb":{"@id":"https:\/\/www.notabene.corsica\/temoignages\/#breadcrumb"},"inLanguage":"co-CO","potentialAction":[{"@type":"ReadAction","target":["https:\/\/www.notabene.corsica\/temoignages\/"]}]},{"@type":"ImageObject","inLanguage":"co-CO","@id":"https:\/\/www.notabene.corsica\/temoignages\/#primaryimage","url":"https:\/\/www.notabene.corsica\/wp-content\/uploads\/2021\/03\/stethoscope.jpg","contentUrl":"https:\/\/www.notabene.corsica\/wp-content\/uploads\/2021\/03\/stethoscope.jpg"},{"@type":"BreadcrumbList","@id":"https:\/\/www.notabene.corsica\/temoignages\/#breadcrumb","itemListElement":[{"@type":"ListItem","position":1,"name":"Accueil","item":"https:\/\/www.notabene.corsica\/"},{"@type":"ListItem","position":2,"name":"T\u00e9moignages"}]},{"@type":"WebSite","@id":"https:\/\/www.notabene.corsica\/#website","url":"https:\/\/www.notabene.corsica\/","name":"Nota Bene","description":"Votre secre\u0301tariat professionnel en toute simplicite\u0301","publisher":{"@id":"https:\/\/www.notabene.corsica\/#organization"},"potentialAction":[{"@type":"SearchAction","target":{"@type":"EntryPoint","urlTemplate":"https:\/\/www.notabene.corsica\/?s={search_term_string}"},"query-input":{"@type":"PropertyValueSpecification","valueRequired":true,"valueName":"search_term_string"}}],"inLanguage":"co-CO"},{"@type":"Organization","@id":"https:\/\/www.notabene.corsica\/#organization","name":"Nota Bene","url":"https:\/\/www.notabene.corsica\/","logo":{"@type":"ImageObject","inLanguage":"co-CO","@id":"https:\/\/www.notabene.corsica\/#\/schema\/logo\/image\/","url":"https:\/\/www.notabene.corsica\/wp-content\/uploads\/2020\/12\/cropped-nota-bene-white.jpg","contentUrl":"https:\/\/www.notabene.corsica\/wp-content\/uploads\/2020\/12\/cropped-nota-bene-white.jpg","width":512,"height":512,"caption":"Nota Bene"},"image":{"@id":"https:\/\/www.notabene.corsica\/#\/schema\/logo\/image\/"},"sameAs":["https:\/\/www.facebook.com\/NotabeneSAS\/"]}]}},"_links":{"self":[{"href":"https:\/\/www.notabene.corsica\/co\/wp-json\/wp\/v2\/pages\/706","targetHints":{"allow":["GET"]}}],"collection":[{"href":"https:\/\/www.notabene.corsica\/co\/wp-json\/wp\/v2\/pages"}],"about":[{"href":"https:\/\/www.notabene.corsica\/co\/wp-json\/wp\/v2\/types\/page"}],"author":[{"embeddable":true,"href":"https:\/\/www.notabene.corsica\/co\/wp-json\/wp\/v2\/users\/1"}],"replies":[{"embeddable":true,"href":"https:\/\/www.notabene.corsica\/co\/wp-json\/wp\/v2\/comments?post=706"}],"version-history":[{"count":58,"href":"https:\/\/www.notabene.corsica\/co\/wp-json\/wp\/v2\/pages\/706\/revisions"}],"predecessor-version":[{"id":1578,"href":"https:\/\/www.notabene.corsica\/co\/wp-json\/wp\/v2\/pages\/706\/revisions\/1578"}],"wp:attachment":[{"href":"https:\/\/www.notabene.corsica\/co\/wp-json\/wp\/v2\/media?parent=706"}],"curies":[{"name":"wp","href":"https:\/\/api.w.org\/{rel}","templated":true}]}}