{"id":462,"date":"2020-12-14T16:09:05","date_gmt":"2020-12-14T15:09:05","guid":{"rendered":"http:\/\/www.notabene.corsica\/?page_id=462"},"modified":"2022-04-25T08:22:31","modified_gmt":"2022-04-25T06:22:31","slug":"partenaires-nota-bene-corse","status":"publish","type":"page","link":"https:\/\/www.notabene.corsica\/co\/partenaires-nota-bene-corse\/","title":{"rendered":"Nos Partenaires"},"content":{"rendered":"<div data-elementor-type=\"wp-page\" data-elementor-id=\"462\" class=\"elementor elementor-462\" data-elementor-post-type=\"page\">\n\t\t\t\t\t\t<section class=\"elementor-section elementor-top-section elementor-element elementor-element-7599e658 elementor-section-boxed elementor-section-height-default elementor-section-height-default\" data-id=\"7599e658\" data-element_type=\"section\">\n\t\t\t\t\t\t<div class=\"elementor-container elementor-column-gap-default\">\n\t\t\t\t\t<div class=\"elementor-column elementor-col-33 elementor-top-column elementor-element elementor-element-39dfec87\" data-id=\"39dfec87\" data-element_type=\"column\">\n\t\t\t<div class=\"elementor-widget-wrap elementor-element-populated\">\n\t\t\t\t\t\t<div class=\"elementor-element elementor-element-be763df elementor-widget elementor-widget-image\" data-id=\"be763df\" data-element_type=\"widget\" data-widget_type=\"image.default\">\n\t\t\t\t<div class=\"elementor-widget-container\">\n\t\t\t\t\t\t\t\t\t\t\t\t\t\t\t\t<a href=\"https:\/\/www.caporossi-bureautique-corse.fr\/\">\n\t\t\t\t\t\t\t<img fetchpriority=\"high\" decoding=\"async\" width=\"600\" height=\"322\" src=\"https:\/\/www.notabene.corsica\/wp-content\/uploads\/2020\/12\/logo-caporossi.jpg\" class=\"elementor-animation-grow attachment-large size-large wp-image-467\" alt=\"\" srcset=\"https:\/\/www.notabene.corsica\/wp-content\/uploads\/2020\/12\/logo-caporossi.jpg 600w, https:\/\/www.notabene.corsica\/wp-content\/uploads\/2020\/12\/logo-caporossi-300x161.jpg 300w\" sizes=\"(max-width: 600px) 100vw, 600px\" style=\"width:100%;height:53.67%;max-width:600px\" \/>\t\t\t\t\t\t\t\t<\/a>\n\t\t\t\t\t\t\t\t\t\t\t\t\t\t\t<\/div>\n\t\t\t\t<\/div>\n\t\t\t\t<div class=\"elementor-element elementor-element-75d80c25 elementor-widget elementor-widget-text-editor\" data-id=\"75d80c25\" data-element_type=\"widget\" data-widget_type=\"text-editor.default\">\n\t\t\t\t<div class=\"elementor-widget-container\">\n\t\t\t\t\t\t\t\t\t<div class=\"page\" title=\"Page 1\"><div class=\"section\"><div class=\"layoutArea\"><div class=\"column\"><p>ETS Caporossi est une entreprise de Bastia sp\u00e9cialis\u00e9e dans la vente d&rsquo;\u00e9quipements informatiques et de mobiliers pour les professionnels.<\/p><p>T\u00e9l\u00e9copieurs, syst\u00e8mes d&rsquo;encaissements, copieurs multifonctions&#8230; vous trouverez tout cela chez\u00a0 les Etablissements Caporossi qui dispose \u00e9galement d&rsquo;un service apr\u00e8s-vente et d&rsquo;\u00e9quipes techniques op\u00e9rant sur l&rsquo;ensemble de la Corse.<\/p><p>Consultez le <span style=\"text-decoration: underline;\"><a href=\"https:\/\/www.caporossi-bureautique-corse.fr\/\">site web<\/a><\/span> pour plus de renseignements sur les services propos\u00e9s.<\/p><\/div><\/div><\/div><\/div>\t\t\t\t\t\t\t\t<\/div>\n\t\t\t\t<\/div>\n\t\t\t\t\t<\/div>\n\t\t<\/div>\n\t\t\t\t<div class=\"elementor-column elementor-col-33 elementor-top-column elementor-element elementor-element-2171e33\" data-id=\"2171e33\" data-element_type=\"column\">\n\t\t\t<div class=\"elementor-widget-wrap elementor-element-populated\">\n\t\t\t\t\t\t<div class=\"elementor-element elementor-element-517ab72 elementor-widget elementor-widget-image\" data-id=\"517ab72\" data-element_type=\"widget\" data-widget_type=\"image.default\">\n\t\t\t\t<div class=\"elementor-widget-container\">\n\t\t\t\t\t\t\t\t\t\t\t\t\t\t\t\t<a href=\"https:\/\/www.corsetelecom.fr\/\">\n\t\t\t\t\t\t\t<img decoding=\"async\" width=\"386\" height=\"116\" src=\"https:\/\/www.notabene.corsica\/wp-content\/uploads\/2020\/12\/logo-corse-telecom.jpeg\" class=\"elementor-animation-grow attachment-large size-large wp-image-466\" alt=\"\" srcset=\"https:\/\/www.notabene.corsica\/wp-content\/uploads\/2020\/12\/logo-corse-telecom.jpeg 386w, https:\/\/www.notabene.corsica\/wp-content\/uploads\/2020\/12\/logo-corse-telecom-300x90.jpeg 300w\" sizes=\"(max-width: 386px) 100vw, 386px\" style=\"width:100%;height:30.05%;max-width:386px\" \/>\t\t\t\t\t\t\t\t<\/a>\n\t\t\t\t\t\t\t\t\t\t\t\t\t\t\t<\/div>\n\t\t\t\t<\/div>\n\t\t\t\t<div class=\"elementor-element elementor-element-174479e elementor-widget elementor-widget-text-editor\" data-id=\"174479e\" data-element_type=\"widget\" data-widget_type=\"text-editor.default\">\n\t\t\t\t<div class=\"elementor-widget-container\">\n\t\t\t\t\t\t\t\t\t<p>Depuis sa cr\u00e9ation en 1988 par deux techniciens a\u00e9ronautique, <span style=\"text-decoration: underline;\"><a href=\"http:\/\/www.corsetelecom.fr\">Corse Telecom<\/a><\/span> est devenu une r\u00e9f\u00e9rence dans le milieu des t\u00e9l\u00e9communications.<\/p><p>Vingt employ\u00e9s dans deux agences, Ajaccio et Borgo assurent un service de proximit\u00e9 et deviennent les interlocuteurs quotidiens de vos utilisateurs, depuis la mise en \u0153uvre des syst\u00e8mes jusqu&rsquo;\u00e0 leurs \u00e9ventuels remplacements.<\/p>\t\t\t\t\t\t\t\t<\/div>\n\t\t\t\t<\/div>\n\t\t\t\t\t<\/div>\n\t\t<\/div>\n\t\t\t\t<div class=\"elementor-column elementor-col-33 elementor-top-column elementor-element elementor-element-4c9fa1e\" data-id=\"4c9fa1e\" data-element_type=\"column\">\n\t\t\t<div class=\"elementor-widget-wrap elementor-element-populated\">\n\t\t\t\t\t\t<div class=\"elementor-element elementor-element-f294116 elementor-widget elementor-widget-image\" data-id=\"f294116\" data-element_type=\"widget\" data-widget_type=\"image.default\">\n\t\t\t\t<div class=\"elementor-widget-container\">\n\t\t\t\t\t\t\t\t\t\t\t\t\t\t\t\t<a href=\"https:\/\/www.wz-agenda.com\/\">\n\t\t\t\t\t\t\t<img decoding=\"async\" width=\"512\" height=\"250\" src=\"https:\/\/www.notabene.corsica\/wp-content\/uploads\/2020\/12\/logo-wz-agenda.png\" class=\"elementor-animation-grow attachment-large size-large wp-image-465\" alt=\"\" srcset=\"https:\/\/www.notabene.corsica\/wp-content\/uploads\/2020\/12\/logo-wz-agenda.png 512w, https:\/\/www.notabene.corsica\/wp-content\/uploads\/2020\/12\/logo-wz-agenda-300x146.png 300w\" sizes=\"(max-width: 512px) 100vw, 512px\" style=\"width:100%;height:48.83%;max-width:512px\" \/>\t\t\t\t\t\t\t\t<\/a>\n\t\t\t\t\t\t\t\t\t\t\t\t\t\t\t<\/div>\n\t\t\t\t<\/div>\n\t\t\t\t<div class=\"elementor-element elementor-element-4eaf2c5 elementor-widget elementor-widget-text-editor\" data-id=\"4eaf2c5\" data-element_type=\"widget\" data-widget_type=\"text-editor.default\">\n\t\t\t\t<div class=\"elementor-widget-container\">\n\t\t\t\t\t\t\t\t\t<p><a href=\"http:\/\/www.wz-agenda.com\"><span style=\"text-decoration: underline;\"><span style=\"text-decoration: underline;\">WZ-Agenda<\/span><\/span><\/a> est un service d&rsquo;agenda en ligne destin\u00e9 \u00e0 tous types de professionnels.<\/p><p>Accompagn\u00e9 de nombreux services compl\u00e9mentaires comme le rappel automatique des rendez-vous par SMS, la prise de rendez-vous directe par les patients-clients, u calendrier \u00e9lectronique pour iPhone\/iPad et Android, WZ-Agenda offre tous les services indispensable \u00e0 la gestion d&rsquo;une activit\u00e9 professionnelle.<\/p>\t\t\t\t\t\t\t\t<\/div>\n\t\t\t\t<\/div>\n\t\t\t\t\t<\/div>\n\t\t<\/div>\n\t\t\t\t\t<\/div>\n\t\t<\/section>\n\t\t\t\t<section class=\"elementor-section elementor-top-section elementor-element elementor-element-b4e274b elementor-section-boxed elementor-section-height-default elementor-section-height-default\" data-id=\"b4e274b\" data-element_type=\"section\">\n\t\t\t\t\t\t<div class=\"elementor-container elementor-column-gap-default\">\n\t\t\t\t\t<div class=\"elementor-column elementor-col-33 elementor-top-column elementor-element elementor-element-5575e43\" data-id=\"5575e43\" data-element_type=\"column\">\n\t\t\t<div class=\"elementor-widget-wrap elementor-element-populated\">\n\t\t\t\t\t\t<div class=\"elementor-element elementor-element-6dcfaed elementor-widget elementor-widget-image\" data-id=\"6dcfaed\" data-element_type=\"widget\" data-widget_type=\"image.default\">\n\t\t\t\t<div class=\"elementor-widget-container\">\n\t\t\t\t\t\t\t\t\t\t\t\t\t\t\t\t<a href=\"https:\/\/www.teambox.fr\/\">\n\t\t\t\t\t\t\t<img loading=\"lazy\" decoding=\"async\" width=\"340\" height=\"156\" src=\"https:\/\/www.notabene.corsica\/wp-content\/uploads\/2020\/12\/teambox.png\" class=\"elementor-animation-grow attachment-large size-large wp-image-506\" alt=\"\" srcset=\"https:\/\/www.notabene.corsica\/wp-content\/uploads\/2020\/12\/teambox.png 340w, https:\/\/www.notabene.corsica\/wp-content\/uploads\/2020\/12\/teambox-300x138.png 300w\" sizes=\"(max-width: 340px) 100vw, 340px\" style=\"width:100%;height:45.88%;max-width:340px\" \/>\t\t\t\t\t\t\t\t<\/a>\n\t\t\t\t\t\t\t\t\t\t\t\t\t\t\t<\/div>\n\t\t\t\t<\/div>\n\t\t\t\t<div class=\"elementor-element elementor-element-6d6aa7c elementor-widget elementor-widget-text-editor\" data-id=\"6d6aa7c\" data-element_type=\"widget\" data-widget_type=\"text-editor.default\">\n\t\t\t\t<div class=\"elementor-widget-container\">\n\t\t\t\t\t\t\t\t\t<div class=\"page\" title=\"Page 1\"><div class=\"section\"><div class=\"layoutArea\"><div class=\"column\"><p>Depuis 2008, Teambox con\u00e7oit, installe et maintient des solutions compl\u00e8tes de t\u00e9l\u00e9phonie d\u2019entreprise pour les clients les plus exigeants.<\/p><p><span style=\"font-size: 18pt;\"><strong>Les engagements de Teambox<\/strong><\/span><\/p><p>Depuis sa cr\u00e9ation, <a href=\"http:\/\/www.teambox.fr\"><span style=\"text-decoration: underline;\"><span style=\"text-decoration: underline;\">TeamBox<\/span><\/span><\/a> travaille sans rel\u00e2che \u00e0 mettre \u00e0 la disposition de ses clients des logiciels industriels adapt\u00e9s \u00e0 leurs besoins et qui \u00e9voluent avec ceux-ci.<\/p><p>Convaincus avant d\u2019autres que l\u2019\u00e9volution de l\u2019informatique vers un\u00a0<strong>mod\u00e8le locatif externalis\u00e9<\/strong>\u00a0peut \u00eatre tr\u00e8s\u00a0<strong>b\u00e9n\u00e9fique pour les usagers<\/strong>, nous investissons une part importante de notre R&amp;D sur la cr\u00e9ation de tels services.<\/p><\/div><\/div><\/div><\/div>\t\t\t\t\t\t\t\t<\/div>\n\t\t\t\t<\/div>\n\t\t\t\t\t<\/div>\n\t\t<\/div>\n\t\t\t\t<div class=\"elementor-column elementor-col-33 elementor-top-column elementor-element elementor-element-6d8481b\" data-id=\"6d8481b\" data-element_type=\"column\">\n\t\t\t<div class=\"elementor-widget-wrap elementor-element-populated\">\n\t\t\t\t\t\t<div class=\"elementor-element elementor-element-fe2277c elementor-widget elementor-widget-image\" data-id=\"fe2277c\" data-element_type=\"widget\" data-widget_type=\"image.default\">\n\t\t\t\t<div class=\"elementor-widget-container\">\n\t\t\t\t\t\t\t\t\t\t\t\t\t\t\t\t<a href=\"https:\/\/albaagency.fr\/\">\n\t\t\t\t\t\t\t<img loading=\"lazy\" decoding=\"async\" width=\"750\" height=\"750\" src=\"https:\/\/www.notabene.corsica\/wp-content\/uploads\/2022\/04\/logo-alba-agency-dark-1024x1024.png\" class=\"elementor-animation-grow attachment-large size-large wp-image-1989\" alt=\"agence digitale corse\" srcset=\"https:\/\/www.notabene.corsica\/wp-content\/uploads\/2022\/04\/logo-alba-agency-dark.png 1024w, https:\/\/www.notabene.corsica\/wp-content\/uploads\/2022\/04\/logo-alba-agency-dark-300x300.png 300w, https:\/\/www.notabene.corsica\/wp-content\/uploads\/2022\/04\/logo-alba-agency-dark-150x150.png 150w, https:\/\/www.notabene.corsica\/wp-content\/uploads\/2022\/04\/logo-alba-agency-dark-768x768.png 768w, https:\/\/www.notabene.corsica\/wp-content\/uploads\/2022\/04\/logo-alba-agency-dark-12x12.png 12w\" sizes=\"(max-width: 750px) 100vw, 750px\" style=\"width:100%;height:100%;max-width:1024px\" \/>\t\t\t\t\t\t\t\t<\/a>\n\t\t\t\t\t\t\t\t\t\t\t\t\t\t\t<\/div>\n\t\t\t\t<\/div>\n\t\t\t\t<div class=\"elementor-element elementor-element-ed88cb4 elementor-widget elementor-widget-text-editor\" data-id=\"ed88cb4\" data-element_type=\"widget\" data-widget_type=\"text-editor.default\">\n\t\t\t\t<div class=\"elementor-widget-container\">\n\t\t\t\t\t\t\t\t\t<p>Alba Agency est une agence de marketing digital jeune et dynamique.<br \/><br \/><\/p><p>De la cr\u00e9ation d&rsquo;identit\u00e9 visuelle, jusqu&rsquo;\u00e0 la r\u00e9alisation de votre site internet et de son application mobile, Alba Agency est en mesure de r\u00e9pondre rapidement \u00e0 vos demandes.<br \/><br \/><\/p><p>\u00a0<\/p><p>Implant\u00e9e en Corse, Alba Agency dispose d&rsquo;une solide exp\u00e9rience dans la cr\u00e9ation de contenu web et digital.<\/p>\t\t\t\t\t\t\t\t<\/div>\n\t\t\t\t<\/div>\n\t\t\t\t\t<\/div>\n\t\t<\/div>\n\t\t\t\t<div class=\"elementor-column elementor-col-33 elementor-top-column elementor-element elementor-element-0eb1be3\" data-id=\"0eb1be3\" data-element_type=\"column\">\n\t\t\t<div class=\"elementor-widget-wrap\">\n\t\t\t\t\t\t\t<\/div>\n\t\t<\/div>\n\t\t\t\t\t<\/div>\n\t\t<\/section>\n\t\t\t\t<\/div>","protected":false},"excerpt":{"rendered":"<p>ETS Caporossi est une entreprise de Bastia sp\u00e9cialis\u00e9e dans la vente d&rsquo;\u00e9quipements informatiques et de mobiliers pour les professionnels. T\u00e9l\u00e9copieurs, syst\u00e8mes d&rsquo;encaissements, copieurs multifonctions&#8230; vous trouverez tout cela chez\u00a0 les Etablissements Caporossi qui dispose \u00e9galement d&rsquo;un service apr\u00e8s-vente et d&rsquo;\u00e9quipes techniques op\u00e9rant sur l&rsquo;ensemble de la Corse. Consultez le site web pour plus de renseignements&hellip; <a class=\"more-link\" href=\"https:\/\/www.notabene.corsica\/co\/partenaires-nota-bene-corse\/\">Continue reading <span class=\"screen-reader-text\">Nos Partenaires<\/span><\/a><\/p>","protected":false},"author":1,"featured_media":0,"parent":0,"menu_order":0,"comment_status":"closed","ping_status":"closed","template":"","meta":{"footnotes":""},"class_list":["post-462","page","type-page","status-publish","hentry","entry"],"yoast_head":"<!-- This site is optimized with the Yoast SEO plugin v27.5 - https:\/\/yoast.com\/product\/yoast-seo-wordpress\/ -->\n<title>Nos Partenaires - Nota Bene - t\u00e9l\u00e9secr\u00e9tariat - Corse<\/title>\n<meta name=\"description\" content=\"Retrouvez ici les partenaires de confiance de Nota Bene. Ces soci\u00e9t\u00e9s qui excellent dans leur domaine participent \u00e0 notre r\u00e9ussite.\" \/>\n<meta name=\"robots\" content=\"index, follow, max-snippet:-1, max-image-preview:large, max-video-preview:-1\" \/>\n<link rel=\"canonical\" href=\"https:\/\/www.notabene.corsica\/co\/partenaires-nota-bene-corse\/\" \/>\n<meta property=\"og:locale\" content=\"en_US\" \/>\n<meta property=\"og:type\" content=\"article\" \/>\n<meta property=\"og:title\" content=\"Nos Partenaires - Nota Bene - t\u00e9l\u00e9secr\u00e9tariat - Corse\" \/>\n<meta property=\"og:description\" content=\"Retrouvez ici les partenaires de confiance de Nota Bene. Ces soci\u00e9t\u00e9s qui excellent dans leur domaine participent \u00e0 notre r\u00e9ussite.\" \/>\n<meta property=\"og:url\" content=\"https:\/\/www.notabene.corsica\/co\/partenaires-nota-bene-corse\/\" \/>\n<meta property=\"og:site_name\" content=\"Nota Bene\" \/>\n<meta property=\"article:publisher\" content=\"https:\/\/www.facebook.com\/NotabeneSAS\/\" \/>\n<meta property=\"article:modified_time\" content=\"2022-04-25T06:22:31+00:00\" \/>\n<meta property=\"og:image\" content=\"https:\/\/www.notabene.corsica\/wp-content\/uploads\/2020\/12\/logo-caporossi.jpg\" \/>\n<meta name=\"twitter:card\" content=\"summary_large_image\" \/>\n<meta name=\"twitter:label1\" content=\"Est. reading time\" \/>\n\t<meta name=\"twitter:data1\" content=\"3 minutes\" \/>\n<script type=\"application\/ld+json\" class=\"yoast-schema-graph\">{\"@context\":\"https:\\\/\\\/schema.org\",\"@graph\":[{\"@type\":\"WebPage\",\"@id\":\"https:\\\/\\\/www.notabene.corsica\\\/partenaires-nota-bene-corse\\\/\",\"url\":\"https:\\\/\\\/www.notabene.corsica\\\/partenaires-nota-bene-corse\\\/\",\"name\":\"Nos Partenaires - Nota Bene - t\u00e9l\u00e9secr\u00e9tariat - Corse\",\"isPartOf\":{\"@id\":\"https:\\\/\\\/www.notabene.corsica\\\/#website\"},\"primaryImageOfPage\":{\"@id\":\"https:\\\/\\\/www.notabene.corsica\\\/partenaires-nota-bene-corse\\\/#primaryimage\"},\"image\":{\"@id\":\"https:\\\/\\\/www.notabene.corsica\\\/partenaires-nota-bene-corse\\\/#primaryimage\"},\"thumbnailUrl\":\"https:\\\/\\\/www.notabene.corsica\\\/wp-content\\\/uploads\\\/2020\\\/12\\\/logo-caporossi.jpg\",\"datePublished\":\"2020-12-14T15:09:05+00:00\",\"dateModified\":\"2022-04-25T06:22:31+00:00\",\"description\":\"Retrouvez ici les partenaires de confiance de Nota Bene. Ces soci\u00e9t\u00e9s qui excellent dans leur domaine participent \u00e0 notre r\u00e9ussite.\",\"breadcrumb\":{\"@id\":\"https:\\\/\\\/www.notabene.corsica\\\/partenaires-nota-bene-corse\\\/#breadcrumb\"},\"inLanguage\":\"co-CO\",\"potentialAction\":[{\"@type\":\"ReadAction\",\"target\":[\"https:\\\/\\\/www.notabene.corsica\\\/partenaires-nota-bene-corse\\\/\"]}]},{\"@type\":\"ImageObject\",\"inLanguage\":\"co-CO\",\"@id\":\"https:\\\/\\\/www.notabene.corsica\\\/partenaires-nota-bene-corse\\\/#primaryimage\",\"url\":\"https:\\\/\\\/www.notabene.corsica\\\/wp-content\\\/uploads\\\/2020\\\/12\\\/logo-caporossi.jpg\",\"contentUrl\":\"https:\\\/\\\/www.notabene.corsica\\\/wp-content\\\/uploads\\\/2020\\\/12\\\/logo-caporossi.jpg\"},{\"@type\":\"BreadcrumbList\",\"@id\":\"https:\\\/\\\/www.notabene.corsica\\\/partenaires-nota-bene-corse\\\/#breadcrumb\",\"itemListElement\":[{\"@type\":\"ListItem\",\"position\":1,\"name\":\"Accueil\",\"item\":\"https:\\\/\\\/www.notabene.corsica\\\/\"},{\"@type\":\"ListItem\",\"position\":2,\"name\":\"Nos Partenaires\"}]},{\"@type\":\"WebSite\",\"@id\":\"https:\\\/\\\/www.notabene.corsica\\\/#website\",\"url\":\"https:\\\/\\\/www.notabene.corsica\\\/\",\"name\":\"Nota Bene\",\"description\":\"Votre secre\u0301tariat professionnel en toute simplicite\u0301\",\"publisher\":{\"@id\":\"https:\\\/\\\/www.notabene.corsica\\\/#organization\"},\"potentialAction\":[{\"@type\":\"SearchAction\",\"target\":{\"@type\":\"EntryPoint\",\"urlTemplate\":\"https:\\\/\\\/www.notabene.corsica\\\/?s={search_term_string}\"},\"query-input\":{\"@type\":\"PropertyValueSpecification\",\"valueRequired\":true,\"valueName\":\"search_term_string\"}}],\"inLanguage\":\"co-CO\"},{\"@type\":\"Organization\",\"@id\":\"https:\\\/\\\/www.notabene.corsica\\\/#organization\",\"name\":\"Nota Bene\",\"url\":\"https:\\\/\\\/www.notabene.corsica\\\/\",\"logo\":{\"@type\":\"ImageObject\",\"inLanguage\":\"co-CO\",\"@id\":\"https:\\\/\\\/www.notabene.corsica\\\/#\\\/schema\\\/logo\\\/image\\\/\",\"url\":\"https:\\\/\\\/www.notabene.corsica\\\/wp-content\\\/uploads\\\/2020\\\/12\\\/cropped-nota-bene-white.jpg\",\"contentUrl\":\"https:\\\/\\\/www.notabene.corsica\\\/wp-content\\\/uploads\\\/2020\\\/12\\\/cropped-nota-bene-white.jpg\",\"width\":512,\"height\":512,\"caption\":\"Nota Bene\"},\"image\":{\"@id\":\"https:\\\/\\\/www.notabene.corsica\\\/#\\\/schema\\\/logo\\\/image\\\/\"},\"sameAs\":[\"https:\\\/\\\/www.facebook.com\\\/NotabeneSAS\\\/\"]}]}<\/script>\n<!-- \/ Yoast SEO plugin. -->","yoast_head_json":{"title":"Nos Partenaires - Nota Bene - t\u00e9l\u00e9secr\u00e9tariat - Corse","description":"Retrouvez ici les partenaires de confiance de Nota Bene. Ces soci\u00e9t\u00e9s qui excellent dans leur domaine participent \u00e0 notre r\u00e9ussite.","robots":{"index":"index","follow":"follow","max-snippet":"max-snippet:-1","max-image-preview":"max-image-preview:large","max-video-preview":"max-video-preview:-1"},"canonical":"https:\/\/www.notabene.corsica\/co\/partenaires-nota-bene-corse\/","og_locale":"en_US","og_type":"article","og_title":"Nos Partenaires - Nota Bene - t\u00e9l\u00e9secr\u00e9tariat - Corse","og_description":"Retrouvez ici les partenaires de confiance de Nota Bene. Ces soci\u00e9t\u00e9s qui excellent dans leur domaine participent \u00e0 notre r\u00e9ussite.","og_url":"https:\/\/www.notabene.corsica\/co\/partenaires-nota-bene-corse\/","og_site_name":"Nota Bene","article_publisher":"https:\/\/www.facebook.com\/NotabeneSAS\/","article_modified_time":"2022-04-25T06:22:31+00:00","og_image":[{"url":"https:\/\/www.notabene.corsica\/wp-content\/uploads\/2020\/12\/logo-caporossi.jpg","type":"","width":"","height":""}],"twitter_card":"summary_large_image","twitter_misc":{"Est. reading time":"3 minutes"},"schema":{"@context":"https:\/\/schema.org","@graph":[{"@type":"WebPage","@id":"https:\/\/www.notabene.corsica\/partenaires-nota-bene-corse\/","url":"https:\/\/www.notabene.corsica\/partenaires-nota-bene-corse\/","name":"Nos Partenaires - Nota Bene - t\u00e9l\u00e9secr\u00e9tariat - Corse","isPartOf":{"@id":"https:\/\/www.notabene.corsica\/#website"},"primaryImageOfPage":{"@id":"https:\/\/www.notabene.corsica\/partenaires-nota-bene-corse\/#primaryimage"},"image":{"@id":"https:\/\/www.notabene.corsica\/partenaires-nota-bene-corse\/#primaryimage"},"thumbnailUrl":"https:\/\/www.notabene.corsica\/wp-content\/uploads\/2020\/12\/logo-caporossi.jpg","datePublished":"2020-12-14T15:09:05+00:00","dateModified":"2022-04-25T06:22:31+00:00","description":"Retrouvez ici les partenaires de confiance de Nota Bene. Ces soci\u00e9t\u00e9s qui excellent dans leur domaine participent \u00e0 notre r\u00e9ussite.","breadcrumb":{"@id":"https:\/\/www.notabene.corsica\/partenaires-nota-bene-corse\/#breadcrumb"},"inLanguage":"co-CO","potentialAction":[{"@type":"ReadAction","target":["https:\/\/www.notabene.corsica\/partenaires-nota-bene-corse\/"]}]},{"@type":"ImageObject","inLanguage":"co-CO","@id":"https:\/\/www.notabene.corsica\/partenaires-nota-bene-corse\/#primaryimage","url":"https:\/\/www.notabene.corsica\/wp-content\/uploads\/2020\/12\/logo-caporossi.jpg","contentUrl":"https:\/\/www.notabene.corsica\/wp-content\/uploads\/2020\/12\/logo-caporossi.jpg"},{"@type":"BreadcrumbList","@id":"https:\/\/www.notabene.corsica\/partenaires-nota-bene-corse\/#breadcrumb","itemListElement":[{"@type":"ListItem","position":1,"name":"Accueil","item":"https:\/\/www.notabene.corsica\/"},{"@type":"ListItem","position":2,"name":"Nos Partenaires"}]},{"@type":"WebSite","@id":"https:\/\/www.notabene.corsica\/#website","url":"https:\/\/www.notabene.corsica\/","name":"Nota Bene","description":"Votre secre\u0301tariat professionnel en toute simplicite\u0301","publisher":{"@id":"https:\/\/www.notabene.corsica\/#organization"},"potentialAction":[{"@type":"SearchAction","target":{"@type":"EntryPoint","urlTemplate":"https:\/\/www.notabene.corsica\/?s={search_term_string}"},"query-input":{"@type":"PropertyValueSpecification","valueRequired":true,"valueName":"search_term_string"}}],"inLanguage":"co-CO"},{"@type":"Organization","@id":"https:\/\/www.notabene.corsica\/#organization","name":"Nota Bene","url":"https:\/\/www.notabene.corsica\/","logo":{"@type":"ImageObject","inLanguage":"co-CO","@id":"https:\/\/www.notabene.corsica\/#\/schema\/logo\/image\/","url":"https:\/\/www.notabene.corsica\/wp-content\/uploads\/2020\/12\/cropped-nota-bene-white.jpg","contentUrl":"https:\/\/www.notabene.corsica\/wp-content\/uploads\/2020\/12\/cropped-nota-bene-white.jpg","width":512,"height":512,"caption":"Nota Bene"},"image":{"@id":"https:\/\/www.notabene.corsica\/#\/schema\/logo\/image\/"},"sameAs":["https:\/\/www.facebook.com\/NotabeneSAS\/"]}]}},"_links":{"self":[{"href":"https:\/\/www.notabene.corsica\/co\/wp-json\/wp\/v2\/pages\/462","targetHints":{"allow":["GET"]}}],"collection":[{"href":"https:\/\/www.notabene.corsica\/co\/wp-json\/wp\/v2\/pages"}],"about":[{"href":"https:\/\/www.notabene.corsica\/co\/wp-json\/wp\/v2\/types\/page"}],"author":[{"embeddable":true,"href":"https:\/\/www.notabene.corsica\/co\/wp-json\/wp\/v2\/users\/1"}],"replies":[{"embeddable":true,"href":"https:\/\/www.notabene.corsica\/co\/wp-json\/wp\/v2\/comments?post=462"}],"version-history":[{"count":94,"href":"https:\/\/www.notabene.corsica\/co\/wp-json\/wp\/v2\/pages\/462\/revisions"}],"predecessor-version":[{"id":2025,"href":"https:\/\/www.notabene.corsica\/co\/wp-json\/wp\/v2\/pages\/462\/revisions\/2025"}],"wp:attachment":[{"href":"https:\/\/www.notabene.corsica\/co\/wp-json\/wp\/v2\/media?parent=462"}],"curies":[{"name":"wp","href":"https:\/\/api.w.org\/{rel}","templated":true}]}}